{"id":3717,"date":"2023-12-21T13:41:05","date_gmt":"2023-12-21T11:41:05","guid":{"rendered":"https:\/\/vaihmalanhovi.fi\/?page_id=3717"},"modified":"2023-12-21T14:55:41","modified_gmt":"2023-12-21T12:55:41","slug":"home","status":"publish","type":"page","link":"https:\/\/vaihmalanhovi.fi\/en\/","title":{"rendered":"Home"},"content":{"rendered":"","protected":false},"excerpt":{"rendered":"","protected":false},"author":1,"featured_media":0,"parent":0,"menu_order":0,"comment_status":"closed","ping_status":"closed","template":"","meta":{"footnotes":""},"class_list":["post-3717","page","type-page","status-publish","hentry"],"yoast_head":"<!-- This site is optimized with the Yoast SEO Premium plugin v27.4 (Yoast SEO v27.4) - https:\/\/yoast.com\/product\/yoast-seo-premium-wordpress\/ -->\n<title>Vaihmalan Hovi<\/title>\n<meta name=\"robots\" content=\"index, follow, max-snippet:-1, max-image-preview:large, max-video-preview:-1\" \/>\n<link rel=\"canonical\" href=\"https:\/\/vaihmalanhovi.fi\/en\/\" \/>\n<meta property=\"og:locale\" content=\"en_US\" \/>\n<meta property=\"og:type\" content=\"article\" \/>\n<meta property=\"og:title\" content=\"Home\" \/>\n<meta property=\"og:url\" content=\"https:\/\/vaihmalanhovi.fi\/en\/\" \/>\n<meta property=\"og:site_name\" content=\"Vaihmalan Hovi\" \/>\n<meta property=\"article:publisher\" content=\"https:\/\/www.facebook.com\/VaihmalanHovi\" \/>\n<meta property=\"article:modified_time\" content=\"2023-12-21T12:55:41+00:00\" \/>\n<meta property=\"og:image\" content=\"https:\/\/vaihmalanhovi.fi\/wp-content\/uploads\/2023\/04\/somekuva.jpg\" \/>\n\t<meta property=\"og:image:width\" content=\"1200\" \/>\n\t<meta property=\"og:image:height\" content=\"675\" \/>\n\t<meta property=\"og:image:type\" content=\"image\/jpeg\" \/>\n<meta name=\"twitter:card\" content=\"summary_large_image\" \/>\n<script type=\"application\/ld+json\" class=\"yoast-schema-graph\">{\"@context\":\"https:\\\/\\\/schema.org\",\"@graph\":[{\"@type\":\"WebPage\",\"@id\":\"https:\\\/\\\/vaihmalanhovi.fi\\\/en\\\/\",\"url\":\"https:\\\/\\\/vaihmalanhovi.fi\\\/en\\\/\",\"name\":\"Vaihmalan Hovi\",\"isPartOf\":{\"@id\":\"https:\\\/\\\/vaihmalanhovi.fi\\\/#website\"},\"datePublished\":\"2023-12-21T11:41:05+00:00\",\"dateModified\":\"2023-12-21T12:55:41+00:00\",\"breadcrumb\":{\"@id\":\"https:\\\/\\\/vaihmalanhovi.fi\\\/en\\\/#breadcrumb\"},\"inLanguage\":\"en-US\",\"potentialAction\":[{\"@type\":\"ReadAction\",\"target\":[\"https:\\\/\\\/vaihmalanhovi.fi\\\/en\\\/\"]}]},{\"@type\":\"BreadcrumbList\",\"@id\":\"https:\\\/\\\/vaihmalanhovi.fi\\\/en\\\/#breadcrumb\",\"itemListElement\":[{\"@type\":\"ListItem\",\"position\":1,\"name\":\"Etusivu\",\"item\":\"https:\\\/\\\/vaihmalanhovi.fi\\\/en\\\/\"},{\"@type\":\"ListItem\",\"position\":2,\"name\":\"Home\"}]},{\"@type\":\"WebSite\",\"@id\":\"https:\\\/\\\/vaihmalanhovi.fi\\\/#website\",\"url\":\"https:\\\/\\\/vaihmalanhovi.fi\\\/\",\"name\":\"Vaihmalan Hovi\",\"description\":\"Perheyrityksemme on vieh\u00e4tt\u00e4v\u00e4 k\u00e4yntikohde Lemp\u00e4\u00e4l\u00e4n maaseudulla\",\"publisher\":{\"@id\":\"https:\\\/\\\/vaihmalanhovi.fi\\\/#organization\"},\"potentialAction\":[{\"@type\":\"SearchAction\",\"target\":{\"@type\":\"EntryPoint\",\"urlTemplate\":\"https:\\\/\\\/vaihmalanhovi.fi\\\/?s={search_term_string}\"},\"query-input\":{\"@type\":\"PropertyValueSpecification\",\"valueRequired\":true,\"valueName\":\"search_term_string\"}}],\"inLanguage\":\"en-US\"},{\"@type\":[\"Organization\",\"Place\"],\"@id\":\"https:\\\/\\\/vaihmalanhovi.fi\\\/#organization\",\"name\":\"Vaihmalan Hovi\",\"alternateName\":\"Vaihmalan Hovi\",\"url\":\"https:\\\/\\\/vaihmalanhovi.fi\\\/\",\"logo\":{\"@id\":\"https:\\\/\\\/vaihmalanhovi.fi\\\/en\\\/#local-main-organization-logo\"},\"image\":{\"@id\":\"https:\\\/\\\/vaihmalanhovi.fi\\\/en\\\/#local-main-organization-logo\"},\"sameAs\":[\"https:\\\/\\\/www.facebook.com\\\/VaihmalanHovi\",\"https:\\\/\\\/www.instagram.com\\\/vaihmalanhovi\\\/\",\"https:\\\/\\\/linkedin.com\\\/Vaihmalanhovi\"],\"description\":\"Vaihmalan Hovi on Lemp\u00e4\u00e4l\u00e4n j\u00e4rvimaisemissa sijaitseva perheyritys, joka tarjoaa hotellin, ravintolan ja juhlapalvelut historiallisessa kartanomilj\u00f6\u00f6ss\u00e4.\",\"legalName\":\"Mamarest Oy\",\"foundingDate\":\"2006-02-01\",\"numberOfEmployees\":{\"@type\":\"QuantitativeValue\",\"minValue\":\"11\",\"maxValue\":\"50\"},\"telephone\":[],\"openingHoursSpecification\":[{\"@type\":\"OpeningHoursSpecification\",\"dayOfWeek\":[\"Monday\",\"Tuesday\",\"Wednesday\",\"Thursday\",\"Friday\",\"Saturday\",\"Sunday\"],\"opens\":\"09:00\",\"closes\":\"17:00\"}]},{\"@type\":\"ImageObject\",\"inLanguage\":\"en-US\",\"@id\":\"https:\\\/\\\/vaihmalanhovi.fi\\\/en\\\/#local-main-organization-logo\",\"url\":\"https:\\\/\\\/vaihmalanhovi.fi\\\/wp-content\\\/uploads\\\/2023\\\/03\\\/Vaihmala_logo.png\",\"contentUrl\":\"https:\\\/\\\/vaihmalanhovi.fi\\\/wp-content\\\/uploads\\\/2023\\\/03\\\/Vaihmala_logo.png\",\"width\":633,\"height\":136,\"caption\":\"Vaihmalan Hovi\"}]}<\/script>\n<!-- \/ Yoast SEO Premium plugin. -->","yoast_head_json":{"title":"Vaihmalan Hovi","robots":{"index":"index","follow":"follow","max-snippet":"max-snippet:-1","max-image-preview":"max-image-preview:large","max-video-preview":"max-video-preview:-1"},"canonical":"https:\/\/vaihmalanhovi.fi\/en\/","og_locale":"en_US","og_type":"article","og_title":"Home","og_url":"https:\/\/vaihmalanhovi.fi\/en\/","og_site_name":"Vaihmalan Hovi","article_publisher":"https:\/\/www.facebook.com\/VaihmalanHovi","article_modified_time":"2023-12-21T12:55:41+00:00","og_image":[{"width":1200,"height":675,"url":"https:\/\/vaihmalanhovi.fi\/wp-content\/uploads\/2023\/04\/somekuva.jpg","type":"image\/jpeg"}],"twitter_card":"summary_large_image","schema":{"@context":"https:\/\/schema.org","@graph":[{"@type":"WebPage","@id":"https:\/\/vaihmalanhovi.fi\/en\/","url":"https:\/\/vaihmalanhovi.fi\/en\/","name":"Vaihmalan Hovi","isPartOf":{"@id":"https:\/\/vaihmalanhovi.fi\/#website"},"datePublished":"2023-12-21T11:41:05+00:00","dateModified":"2023-12-21T12:55:41+00:00","breadcrumb":{"@id":"https:\/\/vaihmalanhovi.fi\/en\/#breadcrumb"},"inLanguage":"en-US","potentialAction":[{"@type":"ReadAction","target":["https:\/\/vaihmalanhovi.fi\/en\/"]}]},{"@type":"BreadcrumbList","@id":"https:\/\/vaihmalanhovi.fi\/en\/#breadcrumb","itemListElement":[{"@type":"ListItem","position":1,"name":"Etusivu","item":"https:\/\/vaihmalanhovi.fi\/en\/"},{"@type":"ListItem","position":2,"name":"Home"}]},{"@type":"WebSite","@id":"https:\/\/vaihmalanhovi.fi\/#website","url":"https:\/\/vaihmalanhovi.fi\/","name":"Vaihmalan Hovi","description":"Perheyrityksemme on vieh\u00e4tt\u00e4v\u00e4 k\u00e4yntikohde Lemp\u00e4\u00e4l\u00e4n maaseudulla","publisher":{"@id":"https:\/\/vaihmalanhovi.fi\/#organization"},"potentialAction":[{"@type":"SearchAction","target":{"@type":"EntryPoint","urlTemplate":"https:\/\/vaihmalanhovi.fi\/?s={search_term_string}"},"query-input":{"@type":"PropertyValueSpecification","valueRequired":true,"valueName":"search_term_string"}}],"inLanguage":"en-US"},{"@type":["Organization","Place"],"@id":"https:\/\/vaihmalanhovi.fi\/#organization","name":"Vaihmalan Hovi","alternateName":"Vaihmalan Hovi","url":"https:\/\/vaihmalanhovi.fi\/","logo":{"@id":"https:\/\/vaihmalanhovi.fi\/en\/#local-main-organization-logo"},"image":{"@id":"https:\/\/vaihmalanhovi.fi\/en\/#local-main-organization-logo"},"sameAs":["https:\/\/www.facebook.com\/VaihmalanHovi","https:\/\/www.instagram.com\/vaihmalanhovi\/","https:\/\/linkedin.com\/Vaihmalanhovi"],"description":"Vaihmalan Hovi on Lemp\u00e4\u00e4l\u00e4n j\u00e4rvimaisemissa sijaitseva perheyritys, joka tarjoaa hotellin, ravintolan ja juhlapalvelut historiallisessa kartanomilj\u00f6\u00f6ss\u00e4.","legalName":"Mamarest Oy","foundingDate":"2006-02-01","numberOfEmployees":{"@type":"QuantitativeValue","minValue":"11","maxValue":"50"},"telephone":[],"openingHoursSpecification":[{"@type":"OpeningHoursSpecification","dayOfWeek":["Monday","Tuesday","Wednesday","Thursday","Friday","Saturday","Sunday"],"opens":"09:00","closes":"17:00"}]},{"@type":"ImageObject","inLanguage":"en-US","@id":"https:\/\/vaihmalanhovi.fi\/en\/#local-main-organization-logo","url":"https:\/\/vaihmalanhovi.fi\/wp-content\/uploads\/2023\/03\/Vaihmala_logo.png","contentUrl":"https:\/\/vaihmalanhovi.fi\/wp-content\/uploads\/2023\/03\/Vaihmala_logo.png","width":633,"height":136,"caption":"Vaihmalan Hovi"}]}},"publishpress_future_action":{"enabled":false,"date":"2026-05-08 04:24:49","action":"change-status","newStatus":"draft","terms":[],"taxonomy":"translation_priority","extraData":[]},"publishpress_future_workflow_manual_trigger":{"enabledWorkflows":[]},"_links":{"self":[{"href":"https:\/\/vaihmalanhovi.fi\/en\/wp-json\/wp\/v2\/pages\/3717","targetHints":{"allow":["GET"]}}],"collection":[{"href":"https:\/\/vaihmalanhovi.fi\/en\/wp-json\/wp\/v2\/pages"}],"about":[{"href":"https:\/\/vaihmalanhovi.fi\/en\/wp-json\/wp\/v2\/types\/page"}],"author":[{"embeddable":true,"href":"https:\/\/vaihmalanhovi.fi\/en\/wp-json\/wp\/v2\/users\/1"}],"replies":[{"embeddable":true,"href":"https:\/\/vaihmalanhovi.fi\/en\/wp-json\/wp\/v2\/comments?post=3717"}],"version-history":[{"count":0,"href":"https:\/\/vaihmalanhovi.fi\/en\/wp-json\/wp\/v2\/pages\/3717\/revisions"}],"wp:attachment":[{"href":"https:\/\/vaihmalanhovi.fi\/en\/wp-json\/wp\/v2\/media?parent=3717"}],"curies":[{"name":"wp","href":"https:\/\/api.w.org\/{rel}","templated":true}]}}