{"id":3693,"date":"2022-10-25T12:09:16","date_gmt":"2022-10-25T09:09:16","guid":{"rendered":"https:\/\/vaihmalanhovi.fi\/?page_id=3693"},"modified":"2023-12-21T10:30:01","modified_gmt":"2023-12-21T08:30:01","slug":"meeting-facilities","status":"publish","type":"page","link":"https:\/\/vaihmalanhovi.fi\/en\/meeting-facilities\/","title":{"rendered":"Meeting Facilities"},"content":{"rendered":"\n<p>In Vaihmalan hovi, you will have a great meeting in an idyllic setting.<br>We have six different venues in varying sizes to choose from.<\/p>\n\n\n\n<ul class=\"wp-block-list\">\n<li>Juhlasali up to 92 persons<\/li>\n\n\n\n<li>Augustin kabinetti 18 persons<\/li>\n\n\n\n<li>Viikinkikellari 16 persons<\/li>\n\n\n\n<li>Rantasauna 10 persons<\/li>\n\n\n\n<li>Sylvian kabinetti 36 persons, can also be divided into two (12 persons and 24 persons)<\/li>\n\n\n\n<li>Puutarhapaviljonki 40-50 persons, available during the summer season<\/li>\n<\/ul>\n\n\n\n<p>All our venues are equipped with either a screen and projector or a large TV screen for presentations. Free Wifi is available in all our venues.<\/p>\n\n\n\n<h3 class=\"wp-block-heading\">MEETING PACKAGES<\/h3>\n\n\n\n<p>You can choose the perfect meeting package from our ready made options, or lwet us know of your wishes, and we will gladly put together your package. Minimum charge is 5 persons.<\/p>\n\n\n\n<p><strong>All day package<\/strong> starting from 51 \u20ac\/person + VAT<br>This package includes everything you need for a full day meeting.<br>It includes<\/p>\n\n\n\n<ul class=\"wp-block-list\">\n<li>coffee service in the morning with sweet and savoury bites, coffee, tea and fruit.<\/li>\n\n\n\n<li>Lunch is served buffet style and includes seasonal salads and veggies, two warm courses (with a meat\/poultry\/fish option and vegetarian option), a small dessrt with coffee and tea.<\/li>\n\n\n\n<li>afternoon break with a pastry from our baker, accompanied by coffee and tea. A savoury option and fruit is also available on request.<\/li>\n\n\n\n<li>meeting venue is at your disposal according to your schedule<\/li>\n\n\n\n<li>water is served in the meeting rooms, additional drinks are charged per use<\/li>\n<\/ul>\n\n\n\n<p><strong>Half Day package<\/strong> starting from 42 \u20ac\/person + VAT<br>This package includes the use of meeting facilities for 4-5 hours.<br>Lunch is included in this package and also you can choose either morning, or afternoon coffee.<\/p>\n\n\n\n<p><strong>Lunch package<\/strong> starting from 28 \u20ac\/person + VAT<br>This package is perfect when you want to enjoy a quiet lunch meeting.<br>A buffet lunch is included in this package, as well as a private meeting venue.<\/p>\n\n\n\n<p><strong>Coffee package<\/strong> starting from 23 \u20ac\/person + VAT<br>This package includes coffee service with sweet and savoury bites, coffee and tea, as well as a meeting&nbsp; venue for 2-3 hours<br><br><\/p>\n\n\n\n<h2 class=\"wp-block-heading\">VENUES<\/h2>\n\n\n\n<h3 class=\"wp-block-heading\">JUHLASALI<\/h3>\n\n\n\n<p>This venue is perfect for groups of 60-80 persons. The venue has a screen in the front, and we also have an additional monitor for people sitting in the back. Free Wi-Fi is also included.<br>This venue has it\u2019s own entrance and bathrooms.<br><br>You can choose your setting from<br>Diplomat\/Boardroom setting 34 persons<br>U-shape 26 persons<br>Auditorium\/theatre 80 persons<br>Classroom 30 persons<br><br>Juhlasali has windows opening to the lake, and a direct access to the buffet lunch table.<br>This venue is also perfect for dinners for larger groups.<\/p>\n\n\n\n<h3 class=\"wp-block-heading\">SYLVIAN KABINETTI<\/h3>\n\n\n\n<p>This venue is located in the lower level of the main building.<br>It can seat up to 36 persons. This space can also be divided into two rooms. Divided, the rooms will hold about 10 and 12 persons.<br>This venue has two flat screen TVs for presentations, and free Wifi.<\/p>\n\n\n\n<h3 class=\"wp-block-heading\">VIIKINKIKELLARI<\/h3>\n\n\n\n<p>Viikinkikellari is a unique venue, boasting brick walls and casual seating.<br>The long table seats up to 16 persons and you can also make use of the casual setting of the adjacent room. The private terrace is at your disposal.<br>This venue has a large screen and a projector.<\/p>\n\n\n\n<h3 class=\"wp-block-heading\">PUUTARHAPAVILJONKI<\/h3>\n\n\n\n<p>Our beautiful pavilion midst apple trees and garden, caters to events during the summer season, from May to September.<br>Different table layouts are available, making this an ideal location for gatherings from 20 to 50 persons.<br>We recommend a buffet style catering or a cocktail style event.<br>\u00a0<\/p>\n","protected":false},"excerpt":{"rendered":"<p>In Vaihmalan hovi, you will have a great meeting in an idyllic setting.We have six different venues in varying sizes to choose from. All our venues are equipped with either a screen and projector or a large TV screen for presentations. Free Wifi is available in all our venues. MEETING PACKAGES You can choose the [&hellip;]<\/p>\n","protected":false},"author":1,"featured_media":0,"parent":0,"menu_order":0,"comment_status":"closed","ping_status":"closed","template":"","meta":{"footnotes":""},"class_list":["post-3693","page","type-page","status-publish","hentry"],"yoast_head":"<!-- This site is optimized with the Yoast SEO Premium plugin v27.4 (Yoast SEO v27.4) - https:\/\/yoast.com\/product\/yoast-seo-premium-wordpress\/ -->\n<title>Meeting Facilities - Vaihmalan Hovi<\/title>\n<meta name=\"robots\" content=\"index, follow, max-snippet:-1, max-image-preview:large, max-video-preview:-1\" \/>\n<link rel=\"canonical\" href=\"https:\/\/vaihmalanhovi.fi\/kokoustilat\/\" \/>\n<meta property=\"og:locale\" content=\"en_US\" \/>\n<meta property=\"og:type\" content=\"article\" \/>\n<meta property=\"og:title\" content=\"Meeting Facilities\" \/>\n<meta property=\"og:description\" content=\"In Vaihmalan hovi, you will have a great meeting in an idyllic setting.We have six different venues in varying sizes to choose from. All our venues are equipped with either a screen and projector or a large TV screen for presentations. Free Wifi is available in all our venues. MEETING PACKAGES You can choose the [&hellip;]\" \/>\n<meta property=\"og:url\" content=\"https:\/\/vaihmalanhovi.fi\/kokoustilat\/\" \/>\n<meta property=\"og:site_name\" content=\"Vaihmalan Hovi\" \/>\n<meta property=\"article:publisher\" content=\"https:\/\/www.facebook.com\/VaihmalanHovi\" \/>\n<meta property=\"article:modified_time\" content=\"2023-12-21T08:30:01+00:00\" \/>\n<meta property=\"og:image\" content=\"https:\/\/vaihmalanhovi.fi\/wp-content\/uploads\/2023\/04\/somekuva.jpg\" \/>\n\t<meta property=\"og:image:width\" content=\"1200\" \/>\n\t<meta property=\"og:image:height\" content=\"675\" \/>\n\t<meta property=\"og:image:type\" content=\"image\/jpeg\" \/>\n<meta name=\"twitter:card\" content=\"summary_large_image\" \/>\n<meta name=\"twitter:label1\" content=\"Est. reading time\" \/>\n\t<meta name=\"twitter:data1\" content=\"4 minutes\" \/>\n<script type=\"application\/ld+json\" class=\"yoast-schema-graph\">{\"@context\":\"https:\\\/\\\/schema.org\",\"@graph\":[{\"@type\":\"WebPage\",\"@id\":\"https:\\\/\\\/vaihmalanhovi.fi\\\/kokoustilat\\\/\",\"url\":\"https:\\\/\\\/vaihmalanhovi.fi\\\/kokoustilat\\\/\",\"name\":\"Meeting Facilities - Vaihmalan Hovi\",\"isPartOf\":{\"@id\":\"https:\\\/\\\/vaihmalanhovi.fi\\\/#website\"},\"datePublished\":\"2022-10-25T09:09:16+00:00\",\"dateModified\":\"2023-12-21T08:30:01+00:00\",\"breadcrumb\":{\"@id\":\"https:\\\/\\\/vaihmalanhovi.fi\\\/kokoustilat\\\/#breadcrumb\"},\"inLanguage\":\"en-US\",\"potentialAction\":[{\"@type\":\"ReadAction\",\"target\":[\"https:\\\/\\\/vaihmalanhovi.fi\\\/kokoustilat\\\/\"]}]},{\"@type\":\"BreadcrumbList\",\"@id\":\"https:\\\/\\\/vaihmalanhovi.fi\\\/kokoustilat\\\/#breadcrumb\",\"itemListElement\":[{\"@type\":\"ListItem\",\"position\":1,\"name\":\"Etusivu\",\"item\":\"https:\\\/\\\/vaihmalanhovi.fi\\\/en\\\/\"},{\"@type\":\"ListItem\",\"position\":2,\"name\":\"Meeting Facilities\"}]},{\"@type\":\"WebSite\",\"@id\":\"https:\\\/\\\/vaihmalanhovi.fi\\\/#website\",\"url\":\"https:\\\/\\\/vaihmalanhovi.fi\\\/\",\"name\":\"Vaihmalan Hovi\",\"description\":\"Perheyrityksemme on vieh\u00e4tt\u00e4v\u00e4 k\u00e4yntikohde Lemp\u00e4\u00e4l\u00e4n maaseudulla\",\"publisher\":{\"@id\":\"https:\\\/\\\/vaihmalanhovi.fi\\\/#organization\"},\"potentialAction\":[{\"@type\":\"SearchAction\",\"target\":{\"@type\":\"EntryPoint\",\"urlTemplate\":\"https:\\\/\\\/vaihmalanhovi.fi\\\/?s={search_term_string}\"},\"query-input\":{\"@type\":\"PropertyValueSpecification\",\"valueRequired\":true,\"valueName\":\"search_term_string\"}}],\"inLanguage\":\"en-US\"},{\"@type\":[\"Organization\",\"Place\"],\"@id\":\"https:\\\/\\\/vaihmalanhovi.fi\\\/#organization\",\"name\":\"Vaihmalan Hovi\",\"alternateName\":\"Vaihmalan Hovi\",\"url\":\"https:\\\/\\\/vaihmalanhovi.fi\\\/\",\"logo\":{\"@id\":\"https:\\\/\\\/vaihmalanhovi.fi\\\/kokoustilat\\\/#local-main-organization-logo\"},\"image\":{\"@id\":\"https:\\\/\\\/vaihmalanhovi.fi\\\/kokoustilat\\\/#local-main-organization-logo\"},\"sameAs\":[\"https:\\\/\\\/www.facebook.com\\\/VaihmalanHovi\",\"https:\\\/\\\/www.instagram.com\\\/vaihmalanhovi\\\/\",\"https:\\\/\\\/linkedin.com\\\/Vaihmalanhovi\"],\"description\":\"Vaihmalan Hovi on Lemp\u00e4\u00e4l\u00e4n j\u00e4rvimaisemissa sijaitseva perheyritys, joka tarjoaa hotellin, ravintolan ja juhlapalvelut historiallisessa kartanomilj\u00f6\u00f6ss\u00e4.\",\"legalName\":\"Mamarest Oy\",\"foundingDate\":\"2006-02-01\",\"numberOfEmployees\":{\"@type\":\"QuantitativeValue\",\"minValue\":\"11\",\"maxValue\":\"50\"},\"telephone\":[],\"openingHoursSpecification\":[{\"@type\":\"OpeningHoursSpecification\",\"dayOfWeek\":[\"Monday\",\"Tuesday\",\"Wednesday\",\"Thursday\",\"Friday\",\"Saturday\",\"Sunday\"],\"opens\":\"09:00\",\"closes\":\"17:00\"}]},{\"@type\":\"ImageObject\",\"inLanguage\":\"en-US\",\"@id\":\"https:\\\/\\\/vaihmalanhovi.fi\\\/kokoustilat\\\/#local-main-organization-logo\",\"url\":\"https:\\\/\\\/vaihmalanhovi.fi\\\/wp-content\\\/uploads\\\/2023\\\/03\\\/Vaihmala_logo.png\",\"contentUrl\":\"https:\\\/\\\/vaihmalanhovi.fi\\\/wp-content\\\/uploads\\\/2023\\\/03\\\/Vaihmala_logo.png\",\"width\":633,\"height\":136,\"caption\":\"Vaihmalan Hovi\"}]}<\/script>\n<!-- \/ Yoast SEO Premium plugin. -->","yoast_head_json":{"title":"Meeting Facilities - Vaihmalan Hovi","robots":{"index":"index","follow":"follow","max-snippet":"max-snippet:-1","max-image-preview":"max-image-preview:large","max-video-preview":"max-video-preview:-1"},"canonical":"https:\/\/vaihmalanhovi.fi\/kokoustilat\/","og_locale":"en_US","og_type":"article","og_title":"Meeting Facilities","og_description":"In Vaihmalan hovi, you will have a great meeting in an idyllic setting.We have six different venues in varying sizes to choose from. All our venues are equipped with either a screen and projector or a large TV screen for presentations. Free Wifi is available in all our venues. MEETING PACKAGES You can choose the [&hellip;]","og_url":"https:\/\/vaihmalanhovi.fi\/kokoustilat\/","og_site_name":"Vaihmalan Hovi","article_publisher":"https:\/\/www.facebook.com\/VaihmalanHovi","article_modified_time":"2023-12-21T08:30:01+00:00","og_image":[{"width":1200,"height":675,"url":"https:\/\/vaihmalanhovi.fi\/wp-content\/uploads\/2023\/04\/somekuva.jpg","type":"image\/jpeg"}],"twitter_card":"summary_large_image","twitter_misc":{"Est. reading time":"4 minutes"},"schema":{"@context":"https:\/\/schema.org","@graph":[{"@type":"WebPage","@id":"https:\/\/vaihmalanhovi.fi\/kokoustilat\/","url":"https:\/\/vaihmalanhovi.fi\/kokoustilat\/","name":"Meeting Facilities - Vaihmalan Hovi","isPartOf":{"@id":"https:\/\/vaihmalanhovi.fi\/#website"},"datePublished":"2022-10-25T09:09:16+00:00","dateModified":"2023-12-21T08:30:01+00:00","breadcrumb":{"@id":"https:\/\/vaihmalanhovi.fi\/kokoustilat\/#breadcrumb"},"inLanguage":"en-US","potentialAction":[{"@type":"ReadAction","target":["https:\/\/vaihmalanhovi.fi\/kokoustilat\/"]}]},{"@type":"BreadcrumbList","@id":"https:\/\/vaihmalanhovi.fi\/kokoustilat\/#breadcrumb","itemListElement":[{"@type":"ListItem","position":1,"name":"Etusivu","item":"https:\/\/vaihmalanhovi.fi\/en\/"},{"@type":"ListItem","position":2,"name":"Meeting Facilities"}]},{"@type":"WebSite","@id":"https:\/\/vaihmalanhovi.fi\/#website","url":"https:\/\/vaihmalanhovi.fi\/","name":"Vaihmalan Hovi","description":"Perheyrityksemme on vieh\u00e4tt\u00e4v\u00e4 k\u00e4yntikohde Lemp\u00e4\u00e4l\u00e4n maaseudulla","publisher":{"@id":"https:\/\/vaihmalanhovi.fi\/#organization"},"potentialAction":[{"@type":"SearchAction","target":{"@type":"EntryPoint","urlTemplate":"https:\/\/vaihmalanhovi.fi\/?s={search_term_string}"},"query-input":{"@type":"PropertyValueSpecification","valueRequired":true,"valueName":"search_term_string"}}],"inLanguage":"en-US"},{"@type":["Organization","Place"],"@id":"https:\/\/vaihmalanhovi.fi\/#organization","name":"Vaihmalan Hovi","alternateName":"Vaihmalan Hovi","url":"https:\/\/vaihmalanhovi.fi\/","logo":{"@id":"https:\/\/vaihmalanhovi.fi\/kokoustilat\/#local-main-organization-logo"},"image":{"@id":"https:\/\/vaihmalanhovi.fi\/kokoustilat\/#local-main-organization-logo"},"sameAs":["https:\/\/www.facebook.com\/VaihmalanHovi","https:\/\/www.instagram.com\/vaihmalanhovi\/","https:\/\/linkedin.com\/Vaihmalanhovi"],"description":"Vaihmalan Hovi on Lemp\u00e4\u00e4l\u00e4n j\u00e4rvimaisemissa sijaitseva perheyritys, joka tarjoaa hotellin, ravintolan ja juhlapalvelut historiallisessa kartanomilj\u00f6\u00f6ss\u00e4.","legalName":"Mamarest Oy","foundingDate":"2006-02-01","numberOfEmployees":{"@type":"QuantitativeValue","minValue":"11","maxValue":"50"},"telephone":[],"openingHoursSpecification":[{"@type":"OpeningHoursSpecification","dayOfWeek":["Monday","Tuesday","Wednesday","Thursday","Friday","Saturday","Sunday"],"opens":"09:00","closes":"17:00"}]},{"@type":"ImageObject","inLanguage":"en-US","@id":"https:\/\/vaihmalanhovi.fi\/kokoustilat\/#local-main-organization-logo","url":"https:\/\/vaihmalanhovi.fi\/wp-content\/uploads\/2023\/03\/Vaihmala_logo.png","contentUrl":"https:\/\/vaihmalanhovi.fi\/wp-content\/uploads\/2023\/03\/Vaihmala_logo.png","width":633,"height":136,"caption":"Vaihmalan Hovi"}]}},"publishpress_future_action":{"enabled":false,"date":"2026-05-02 17:10:15","action":"change-status","newStatus":"draft","terms":[],"taxonomy":"translation_priority","extraData":[]},"publishpress_future_workflow_manual_trigger":{"enabledWorkflows":[]},"_links":{"self":[{"href":"https:\/\/vaihmalanhovi.fi\/en\/wp-json\/wp\/v2\/pages\/3693","targetHints":{"allow":["GET"]}}],"collection":[{"href":"https:\/\/vaihmalanhovi.fi\/en\/wp-json\/wp\/v2\/pages"}],"about":[{"href":"https:\/\/vaihmalanhovi.fi\/en\/wp-json\/wp\/v2\/types\/page"}],"author":[{"embeddable":true,"href":"https:\/\/vaihmalanhovi.fi\/en\/wp-json\/wp\/v2\/users\/1"}],"replies":[{"embeddable":true,"href":"https:\/\/vaihmalanhovi.fi\/en\/wp-json\/wp\/v2\/comments?post=3693"}],"version-history":[{"count":0,"href":"https:\/\/vaihmalanhovi.fi\/en\/wp-json\/wp\/v2\/pages\/3693\/revisions"}],"wp:attachment":[{"href":"https:\/\/vaihmalanhovi.fi\/en\/wp-json\/wp\/v2\/media?parent=3693"}],"curies":[{"name":"wp","href":"https:\/\/api.w.org\/{rel}","templated":true}]}}