{"id":3644,"date":"2022-12-02T14:09:32","date_gmt":"2022-12-02T12:09:32","guid":{"rendered":"https:\/\/vaihmalanhovi.fi\/?page_id=3644"},"modified":"2023-12-17T17:20:15","modified_gmt":"2023-12-17T15:20:15","slug":"hotel","status":"publish","type":"page","link":"https:\/\/vaihmalanhovi.fi\/en\/hotel\/","title":{"rendered":"Hotel"},"content":{"rendered":"\n<p>We have 25 hotel rooms in Vaihmalan Hovi and all are individually designed. Each room has a private bath, TV and free Wifi.<br>Rooms are located in two buildings, the main building and the Voudin Talo building.<\/p>\n\n\n\n<h2 class=\"wp-block-heading\">THE MAIN BUILDING<\/h2>\n\n\n\n<p>We have 16 double\/twin rooms and two suites. Two of the rooms can be joined together to create a family room.<\/p>\n\n\n\n<h2 class=\"wp-block-heading\">VOUDIN TALO<\/h2>\n\n\n\n<p>In the separate Voudin Talo building, we have 9 double\/twin rooms. We welcome pets to stay here as well.<\/p>\n\n\n\n<p><a href=\"https:\/\/vaihmalanhovi.fi\/general-terms-and-conditions-in-vaihmalan-hovi\/\">General terms and conditions in vaihmalan hovi<\/a> <\/p>\n","protected":false},"excerpt":{"rendered":"<p>We have 25 hotel rooms in Vaihmalan Hovi and all are individually designed. Each room has a private bath, TV and free Wifi.Rooms are located in two buildings, the main building and the Voudin Talo building. THE MAIN BUILDING We have 16 double\/twin rooms and two suites. Two of the rooms can be joined together [&hellip;]<\/p>\n","protected":false},"author":1,"featured_media":0,"parent":0,"menu_order":0,"comment_status":"closed","ping_status":"closed","template":"","meta":{"footnotes":""},"class_list":["post-3644","page","type-page","status-publish","hentry"],"yoast_head":"<!-- This site is optimized with the Yoast SEO Premium plugin v27.4 (Yoast SEO v27.4) - https:\/\/yoast.com\/product\/yoast-seo-premium-wordpress\/ -->\n<title>Hotel - Vaihmalan Hovi<\/title>\n<meta name=\"robots\" content=\"index, follow, max-snippet:-1, max-image-preview:large, max-video-preview:-1\" \/>\n<link rel=\"canonical\" href=\"https:\/\/vaihmalanhovi.fi\/en\/hotel\/\" \/>\n<meta property=\"og:locale\" content=\"en_US\" \/>\n<meta property=\"og:type\" content=\"article\" \/>\n<meta property=\"og:title\" content=\"Hotel\" \/>\n<meta property=\"og:description\" content=\"We have 25 hotel rooms in Vaihmalan Hovi and all are individually designed. Each room has a private bath, TV and free Wifi.Rooms are located in two buildings, the main building and the Voudin Talo building. THE MAIN BUILDING We have 16 double\/twin rooms and two suites. Two of the rooms can be joined together [&hellip;]\" \/>\n<meta property=\"og:url\" content=\"https:\/\/vaihmalanhovi.fi\/en\/hotel\/\" \/>\n<meta property=\"og:site_name\" content=\"Vaihmalan Hovi\" \/>\n<meta property=\"article:publisher\" content=\"https:\/\/www.facebook.com\/VaihmalanHovi\" \/>\n<meta property=\"article:modified_time\" content=\"2023-12-17T15:20:15+00:00\" \/>\n<meta property=\"og:image\" content=\"https:\/\/vaihmalanhovi.fi\/wp-content\/uploads\/2023\/04\/somekuva.jpg\" \/>\n\t<meta property=\"og:image:width\" content=\"1200\" \/>\n\t<meta property=\"og:image:height\" content=\"675\" \/>\n\t<meta property=\"og:image:type\" content=\"image\/jpeg\" \/>\n<meta name=\"twitter:card\" content=\"summary_large_image\" \/>\n<meta name=\"twitter:label1\" content=\"Est. reading time\" \/>\n\t<meta name=\"twitter:data1\" content=\"1 minute\" \/>\n<script type=\"application\/ld+json\" class=\"yoast-schema-graph\">{\"@context\":\"https:\\\/\\\/schema.org\",\"@graph\":[{\"@type\":\"WebPage\",\"@id\":\"https:\\\/\\\/vaihmalanhovi.fi\\\/en\\\/hotel\\\/\",\"url\":\"https:\\\/\\\/vaihmalanhovi.fi\\\/en\\\/hotel\\\/\",\"name\":\"Hotel - Vaihmalan Hovi\",\"isPartOf\":{\"@id\":\"https:\\\/\\\/vaihmalanhovi.fi\\\/#website\"},\"datePublished\":\"2022-12-02T12:09:32+00:00\",\"dateModified\":\"2023-12-17T15:20:15+00:00\",\"breadcrumb\":{\"@id\":\"https:\\\/\\\/vaihmalanhovi.fi\\\/en\\\/hotel\\\/#breadcrumb\"},\"inLanguage\":\"en-US\",\"potentialAction\":[{\"@type\":\"ReadAction\",\"target\":[\"https:\\\/\\\/vaihmalanhovi.fi\\\/en\\\/hotel\\\/\"]}]},{\"@type\":\"BreadcrumbList\",\"@id\":\"https:\\\/\\\/vaihmalanhovi.fi\\\/en\\\/hotel\\\/#breadcrumb\",\"itemListElement\":[{\"@type\":\"ListItem\",\"position\":1,\"name\":\"Etusivu\",\"item\":\"https:\\\/\\\/vaihmalanhovi.fi\\\/en\\\/\"},{\"@type\":\"ListItem\",\"position\":2,\"name\":\"Hotel\"}]},{\"@type\":\"WebSite\",\"@id\":\"https:\\\/\\\/vaihmalanhovi.fi\\\/#website\",\"url\":\"https:\\\/\\\/vaihmalanhovi.fi\\\/\",\"name\":\"Vaihmalan Hovi\",\"description\":\"Perheyrityksemme on vieh\u00e4tt\u00e4v\u00e4 k\u00e4yntikohde Lemp\u00e4\u00e4l\u00e4n maaseudulla\",\"publisher\":{\"@id\":\"https:\\\/\\\/vaihmalanhovi.fi\\\/#organization\"},\"potentialAction\":[{\"@type\":\"SearchAction\",\"target\":{\"@type\":\"EntryPoint\",\"urlTemplate\":\"https:\\\/\\\/vaihmalanhovi.fi\\\/?s={search_term_string}\"},\"query-input\":{\"@type\":\"PropertyValueSpecification\",\"valueRequired\":true,\"valueName\":\"search_term_string\"}}],\"inLanguage\":\"en-US\"},{\"@type\":[\"Organization\",\"Place\"],\"@id\":\"https:\\\/\\\/vaihmalanhovi.fi\\\/#organization\",\"name\":\"Vaihmalan Hovi\",\"alternateName\":\"Vaihmalan Hovi\",\"url\":\"https:\\\/\\\/vaihmalanhovi.fi\\\/\",\"logo\":{\"@id\":\"https:\\\/\\\/vaihmalanhovi.fi\\\/en\\\/hotel\\\/#local-main-organization-logo\"},\"image\":{\"@id\":\"https:\\\/\\\/vaihmalanhovi.fi\\\/en\\\/hotel\\\/#local-main-organization-logo\"},\"sameAs\":[\"https:\\\/\\\/www.facebook.com\\\/VaihmalanHovi\",\"https:\\\/\\\/www.instagram.com\\\/vaihmalanhovi\\\/\",\"https:\\\/\\\/linkedin.com\\\/Vaihmalanhovi\"],\"description\":\"Vaihmalan Hovi on Lemp\u00e4\u00e4l\u00e4n j\u00e4rvimaisemissa sijaitseva perheyritys, joka tarjoaa hotellin, ravintolan ja juhlapalvelut historiallisessa kartanomilj\u00f6\u00f6ss\u00e4.\",\"legalName\":\"Mamarest Oy\",\"foundingDate\":\"2006-02-01\",\"numberOfEmployees\":{\"@type\":\"QuantitativeValue\",\"minValue\":\"11\",\"maxValue\":\"50\"},\"telephone\":[],\"openingHoursSpecification\":[{\"@type\":\"OpeningHoursSpecification\",\"dayOfWeek\":[\"Monday\",\"Tuesday\",\"Wednesday\",\"Thursday\",\"Friday\",\"Saturday\",\"Sunday\"],\"opens\":\"09:00\",\"closes\":\"17:00\"}]},{\"@type\":\"ImageObject\",\"inLanguage\":\"en-US\",\"@id\":\"https:\\\/\\\/vaihmalanhovi.fi\\\/en\\\/hotel\\\/#local-main-organization-logo\",\"url\":\"https:\\\/\\\/vaihmalanhovi.fi\\\/wp-content\\\/uploads\\\/2023\\\/03\\\/Vaihmala_logo.png\",\"contentUrl\":\"https:\\\/\\\/vaihmalanhovi.fi\\\/wp-content\\\/uploads\\\/2023\\\/03\\\/Vaihmala_logo.png\",\"width\":633,\"height\":136,\"caption\":\"Vaihmalan Hovi\"}]}<\/script>\n<!-- \/ Yoast SEO Premium plugin. -->","yoast_head_json":{"title":"Hotel - Vaihmalan Hovi","robots":{"index":"index","follow":"follow","max-snippet":"max-snippet:-1","max-image-preview":"max-image-preview:large","max-video-preview":"max-video-preview:-1"},"canonical":"https:\/\/vaihmalanhovi.fi\/en\/hotel\/","og_locale":"en_US","og_type":"article","og_title":"Hotel","og_description":"We have 25 hotel rooms in Vaihmalan Hovi and all are individually designed. Each room has a private bath, TV and free Wifi.Rooms are located in two buildings, the main building and the Voudin Talo building. THE MAIN BUILDING We have 16 double\/twin rooms and two suites. Two of the rooms can be joined together [&hellip;]","og_url":"https:\/\/vaihmalanhovi.fi\/en\/hotel\/","og_site_name":"Vaihmalan Hovi","article_publisher":"https:\/\/www.facebook.com\/VaihmalanHovi","article_modified_time":"2023-12-17T15:20:15+00:00","og_image":[{"width":1200,"height":675,"url":"https:\/\/vaihmalanhovi.fi\/wp-content\/uploads\/2023\/04\/somekuva.jpg","type":"image\/jpeg"}],"twitter_card":"summary_large_image","twitter_misc":{"Est. reading time":"1 minute"},"schema":{"@context":"https:\/\/schema.org","@graph":[{"@type":"WebPage","@id":"https:\/\/vaihmalanhovi.fi\/en\/hotel\/","url":"https:\/\/vaihmalanhovi.fi\/en\/hotel\/","name":"Hotel - Vaihmalan Hovi","isPartOf":{"@id":"https:\/\/vaihmalanhovi.fi\/#website"},"datePublished":"2022-12-02T12:09:32+00:00","dateModified":"2023-12-17T15:20:15+00:00","breadcrumb":{"@id":"https:\/\/vaihmalanhovi.fi\/en\/hotel\/#breadcrumb"},"inLanguage":"en-US","potentialAction":[{"@type":"ReadAction","target":["https:\/\/vaihmalanhovi.fi\/en\/hotel\/"]}]},{"@type":"BreadcrumbList","@id":"https:\/\/vaihmalanhovi.fi\/en\/hotel\/#breadcrumb","itemListElement":[{"@type":"ListItem","position":1,"name":"Etusivu","item":"https:\/\/vaihmalanhovi.fi\/en\/"},{"@type":"ListItem","position":2,"name":"Hotel"}]},{"@type":"WebSite","@id":"https:\/\/vaihmalanhovi.fi\/#website","url":"https:\/\/vaihmalanhovi.fi\/","name":"Vaihmalan Hovi","description":"Perheyrityksemme on vieh\u00e4tt\u00e4v\u00e4 k\u00e4yntikohde Lemp\u00e4\u00e4l\u00e4n maaseudulla","publisher":{"@id":"https:\/\/vaihmalanhovi.fi\/#organization"},"potentialAction":[{"@type":"SearchAction","target":{"@type":"EntryPoint","urlTemplate":"https:\/\/vaihmalanhovi.fi\/?s={search_term_string}"},"query-input":{"@type":"PropertyValueSpecification","valueRequired":true,"valueName":"search_term_string"}}],"inLanguage":"en-US"},{"@type":["Organization","Place"],"@id":"https:\/\/vaihmalanhovi.fi\/#organization","name":"Vaihmalan Hovi","alternateName":"Vaihmalan Hovi","url":"https:\/\/vaihmalanhovi.fi\/","logo":{"@id":"https:\/\/vaihmalanhovi.fi\/en\/hotel\/#local-main-organization-logo"},"image":{"@id":"https:\/\/vaihmalanhovi.fi\/en\/hotel\/#local-main-organization-logo"},"sameAs":["https:\/\/www.facebook.com\/VaihmalanHovi","https:\/\/www.instagram.com\/vaihmalanhovi\/","https:\/\/linkedin.com\/Vaihmalanhovi"],"description":"Vaihmalan Hovi on Lemp\u00e4\u00e4l\u00e4n j\u00e4rvimaisemissa sijaitseva perheyritys, joka tarjoaa hotellin, ravintolan ja juhlapalvelut historiallisessa kartanomilj\u00f6\u00f6ss\u00e4.","legalName":"Mamarest Oy","foundingDate":"2006-02-01","numberOfEmployees":{"@type":"QuantitativeValue","minValue":"11","maxValue":"50"},"telephone":[],"openingHoursSpecification":[{"@type":"OpeningHoursSpecification","dayOfWeek":["Monday","Tuesday","Wednesday","Thursday","Friday","Saturday","Sunday"],"opens":"09:00","closes":"17:00"}]},{"@type":"ImageObject","inLanguage":"en-US","@id":"https:\/\/vaihmalanhovi.fi\/en\/hotel\/#local-main-organization-logo","url":"https:\/\/vaihmalanhovi.fi\/wp-content\/uploads\/2023\/03\/Vaihmala_logo.png","contentUrl":"https:\/\/vaihmalanhovi.fi\/wp-content\/uploads\/2023\/03\/Vaihmala_logo.png","width":633,"height":136,"caption":"Vaihmalan Hovi"}]}},"publishpress_future_action":{"enabled":false,"date":"2026-05-02 17:12:09","action":"change-status","newStatus":"draft","terms":[],"taxonomy":"translation_priority","extraData":[]},"publishpress_future_workflow_manual_trigger":{"enabledWorkflows":[]},"_links":{"self":[{"href":"https:\/\/vaihmalanhovi.fi\/en\/wp-json\/wp\/v2\/pages\/3644","targetHints":{"allow":["GET"]}}],"collection":[{"href":"https:\/\/vaihmalanhovi.fi\/en\/wp-json\/wp\/v2\/pages"}],"about":[{"href":"https:\/\/vaihmalanhovi.fi\/en\/wp-json\/wp\/v2\/types\/page"}],"author":[{"embeddable":true,"href":"https:\/\/vaihmalanhovi.fi\/en\/wp-json\/wp\/v2\/users\/1"}],"replies":[{"embeddable":true,"href":"https:\/\/vaihmalanhovi.fi\/en\/wp-json\/wp\/v2\/comments?post=3644"}],"version-history":[{"count":0,"href":"https:\/\/vaihmalanhovi.fi\/en\/wp-json\/wp\/v2\/pages\/3644\/revisions"}],"wp:attachment":[{"href":"https:\/\/vaihmalanhovi.fi\/en\/wp-json\/wp\/v2\/media?parent=3644"}],"curies":[{"name":"wp","href":"https:\/\/api.w.org\/{rel}","templated":true}]}}